{"id":594,"date":"2025-07-28T15:13:15","date_gmt":"2025-07-28T18:13:15","guid":{"rendered":"https:\/\/mirandaarcentales.com.br\/?page_id=594"},"modified":"2025-09-18T15:55:26","modified_gmt":"2025-09-18T18:55:26","slug":"juliana-sa-de-miranda","status":"publish","type":"page","link":"https:\/\/mirandaarcentales.com.br\/en\/partners\/juliana-sa-de-miranda\/","title":{"rendered":"Juliana S\u00e1 de Miranda"},"content":{"rendered":"","protected":false},"excerpt":{"rendered":"","protected":false},"author":1,"featured_media":-1,"parent":601,"menu_order":0,"comment_status":"closed","ping_status":"closed","template":"","meta":{"footnotes":""},"class_list":["post-594","page","type-page","status-publish","has-post-thumbnail","hentry"],"yoast_head":"<!-- This site is optimized with the Yoast SEO plugin v27.4 - https:\/\/yoast.com\/product\/yoast-seo-wordpress\/ -->\n<title>Juliana S\u00e1 de Miranda - MA Miranda Arcentales Advogados<\/title>\n<meta name=\"robots\" content=\"index, follow, max-snippet:-1, max-image-preview:large, max-video-preview:-1\" \/>\n<link rel=\"canonical\" href=\"https:\/\/mirandaarcentales.com.br\/en\/partners\/juliana-sa-de-miranda\/\" \/>\n<meta property=\"og:locale\" content=\"en_US\" \/>\n<meta property=\"og:type\" content=\"article\" \/>\n<meta property=\"og:title\" content=\"Juliana S\u00e1 de Miranda - MA Miranda Arcentales Advogados\" \/>\n<meta property=\"og:url\" content=\"https:\/\/mirandaarcentales.com.br\/en\/partners\/juliana-sa-de-miranda\/\" \/>\n<meta property=\"og:site_name\" content=\"MA Miranda Arcentales Advogados\" \/>\n<meta property=\"article:modified_time\" content=\"2025-09-18T18:55:26+00:00\" \/>\n<meta name=\"twitter:card\" content=\"summary_large_image\" \/>\n<script type=\"application\/ld+json\" class=\"yoast-schema-graph\">{\"@context\":\"https:\\\/\\\/schema.org\",\"@graph\":[{\"@type\":\"WebPage\",\"@id\":\"https:\\\/\\\/mirandaarcentales.com.br\\\/en\\\/partners\\\/juliana-sa-de-miranda\\\/\",\"url\":\"https:\\\/\\\/mirandaarcentales.com.br\\\/en\\\/partners\\\/juliana-sa-de-miranda\\\/\",\"name\":\"Juliana S\u00e1 de Miranda - MA Miranda Arcentales Advogados\",\"isPartOf\":{\"@id\":\"https:\\\/\\\/mirandaarcentales.com.br\\\/#website\"},\"datePublished\":\"2025-07-28T18:13:15+00:00\",\"dateModified\":\"2025-09-18T18:55:26+00:00\",\"breadcrumb\":{\"@id\":\"https:\\\/\\\/mirandaarcentales.com.br\\\/en\\\/partners\\\/juliana-sa-de-miranda\\\/#breadcrumb\"},\"inLanguage\":\"en-US\",\"potentialAction\":[{\"@type\":\"ReadAction\",\"target\":[\"https:\\\/\\\/mirandaarcentales.com.br\\\/en\\\/partners\\\/juliana-sa-de-miranda\\\/\"]}]},{\"@type\":\"BreadcrumbList\",\"@id\":\"https:\\\/\\\/mirandaarcentales.com.br\\\/en\\\/partners\\\/juliana-sa-de-miranda\\\/#breadcrumb\",\"itemListElement\":[{\"@type\":\"ListItem\",\"position\":1,\"name\":\"In\u00edcio\",\"item\":\"https:\\\/\\\/mirandaarcentales.com.br\\\/en\\\/\"},{\"@type\":\"ListItem\",\"position\":2,\"name\":\"PARTNERS\",\"item\":\"https:\\\/\\\/mirandaarcentales.com.br\\\/en\\\/partners\\\/\"},{\"@type\":\"ListItem\",\"position\":3,\"name\":\"Juliana S\u00e1 de Miranda\"}]},{\"@type\":\"WebSite\",\"@id\":\"https:\\\/\\\/mirandaarcentales.com.br\\\/#website\",\"url\":\"https:\\\/\\\/mirandaarcentales.com.br\\\/\",\"name\":\"MA Miranda Arcentales Advogados\",\"description\":\"Excel\u00eancia em Direito Penal Empresarial, Investiga\u00e7\u00f5es Corporativas e Compliance aliada \u00e0 tradi\u00e7\u00e3o de qualidade jur\u00eddica que nos define.\",\"publisher\":{\"@id\":\"https:\\\/\\\/mirandaarcentales.com.br\\\/#organization\"},\"alternateName\":\"MA MIRARC\",\"potentialAction\":[{\"@type\":\"SearchAction\",\"target\":{\"@type\":\"EntryPoint\",\"urlTemplate\":\"https:\\\/\\\/mirandaarcentales.com.br\\\/?s={search_term_string}\"},\"query-input\":{\"@type\":\"PropertyValueSpecification\",\"valueRequired\":true,\"valueName\":\"search_term_string\"}}],\"inLanguage\":\"en-US\"},{\"@type\":\"Organization\",\"@id\":\"https:\\\/\\\/mirandaarcentales.com.br\\\/#organization\",\"name\":\"MA Miranda Arcentales Advogados\",\"alternateName\":\"MA MIRARC\",\"url\":\"https:\\\/\\\/mirandaarcentales.com.br\\\/\",\"logo\":{\"@type\":\"ImageObject\",\"inLanguage\":\"en-US\",\"@id\":\"https:\\\/\\\/mirandaarcentales.com.br\\\/#\\\/schema\\\/logo\\\/image\\\/\",\"url\":\"https:\\\/\\\/mirandaarcentales.com.br\\\/wp-content\\\/uploads\\\/2024\\\/05\\\/ma-mirandaarcentales-favicon.png\",\"contentUrl\":\"https:\\\/\\\/mirandaarcentales.com.br\\\/wp-content\\\/uploads\\\/2024\\\/05\\\/ma-mirandaarcentales-favicon.png\",\"width\":600,\"height\":600,\"caption\":\"MA Miranda Arcentales Advogados\"},\"image\":{\"@id\":\"https:\\\/\\\/mirandaarcentales.com.br\\\/#\\\/schema\\\/logo\\\/image\\\/\"}}]}<\/script>\n<!-- \/ Yoast SEO plugin. -->","yoast_head_json":{"title":"Juliana S\u00e1 de Miranda - MA Miranda Arcentales Advogados","robots":{"index":"index","follow":"follow","max-snippet":"max-snippet:-1","max-image-preview":"max-image-preview:large","max-video-preview":"max-video-preview:-1"},"canonical":"https:\/\/mirandaarcentales.com.br\/en\/partners\/juliana-sa-de-miranda\/","og_locale":"en_US","og_type":"article","og_title":"Juliana S\u00e1 de Miranda - MA Miranda Arcentales Advogados","og_url":"https:\/\/mirandaarcentales.com.br\/en\/partners\/juliana-sa-de-miranda\/","og_site_name":"MA Miranda Arcentales Advogados","article_modified_time":"2025-09-18T18:55:26+00:00","twitter_card":"summary_large_image","schema":{"@context":"https:\/\/schema.org","@graph":[{"@type":"WebPage","@id":"https:\/\/mirandaarcentales.com.br\/en\/partners\/juliana-sa-de-miranda\/","url":"https:\/\/mirandaarcentales.com.br\/en\/partners\/juliana-sa-de-miranda\/","name":"Juliana S\u00e1 de Miranda - MA Miranda Arcentales Advogados","isPartOf":{"@id":"https:\/\/mirandaarcentales.com.br\/#website"},"datePublished":"2025-07-28T18:13:15+00:00","dateModified":"2025-09-18T18:55:26+00:00","breadcrumb":{"@id":"https:\/\/mirandaarcentales.com.br\/en\/partners\/juliana-sa-de-miranda\/#breadcrumb"},"inLanguage":"en-US","potentialAction":[{"@type":"ReadAction","target":["https:\/\/mirandaarcentales.com.br\/en\/partners\/juliana-sa-de-miranda\/"]}]},{"@type":"BreadcrumbList","@id":"https:\/\/mirandaarcentales.com.br\/en\/partners\/juliana-sa-de-miranda\/#breadcrumb","itemListElement":[{"@type":"ListItem","position":1,"name":"In\u00edcio","item":"https:\/\/mirandaarcentales.com.br\/en\/"},{"@type":"ListItem","position":2,"name":"PARTNERS","item":"https:\/\/mirandaarcentales.com.br\/en\/partners\/"},{"@type":"ListItem","position":3,"name":"Juliana S\u00e1 de Miranda"}]},{"@type":"WebSite","@id":"https:\/\/mirandaarcentales.com.br\/#website","url":"https:\/\/mirandaarcentales.com.br\/","name":"MA Miranda Arcentales Advogados","description":"Excel\u00eancia em Direito Penal Empresarial, Investiga\u00e7\u00f5es Corporativas e Compliance aliada \u00e0 tradi\u00e7\u00e3o de qualidade jur\u00eddica que nos define.","publisher":{"@id":"https:\/\/mirandaarcentales.com.br\/#organization"},"alternateName":"MA MIRARC","potentialAction":[{"@type":"SearchAction","target":{"@type":"EntryPoint","urlTemplate":"https:\/\/mirandaarcentales.com.br\/?s={search_term_string}"},"query-input":{"@type":"PropertyValueSpecification","valueRequired":true,"valueName":"search_term_string"}}],"inLanguage":"en-US"},{"@type":"Organization","@id":"https:\/\/mirandaarcentales.com.br\/#organization","name":"MA Miranda Arcentales Advogados","alternateName":"MA MIRARC","url":"https:\/\/mirandaarcentales.com.br\/","logo":{"@type":"ImageObject","inLanguage":"en-US","@id":"https:\/\/mirandaarcentales.com.br\/#\/schema\/logo\/image\/","url":"https:\/\/mirandaarcentales.com.br\/wp-content\/uploads\/2024\/05\/ma-mirandaarcentales-favicon.png","contentUrl":"https:\/\/mirandaarcentales.com.br\/wp-content\/uploads\/2024\/05\/ma-mirandaarcentales-favicon.png","width":600,"height":600,"caption":"MA Miranda Arcentales Advogados"},"image":{"@id":"https:\/\/mirandaarcentales.com.br\/#\/schema\/logo\/image\/"}}]}},"_links":{"self":[{"href":"https:\/\/mirandaarcentales.com.br\/en\/wp-json\/wp\/v2\/pages\/594","targetHints":{"allow":["GET"]}}],"collection":[{"href":"https:\/\/mirandaarcentales.com.br\/en\/wp-json\/wp\/v2\/pages"}],"about":[{"href":"https:\/\/mirandaarcentales.com.br\/en\/wp-json\/wp\/v2\/types\/page"}],"author":[{"embeddable":true,"href":"https:\/\/mirandaarcentales.com.br\/en\/wp-json\/wp\/v2\/users\/1"}],"replies":[{"embeddable":true,"href":"https:\/\/mirandaarcentales.com.br\/en\/wp-json\/wp\/v2\/comments?post=594"}],"version-history":[{"count":2,"href":"https:\/\/mirandaarcentales.com.br\/en\/wp-json\/wp\/v2\/pages\/594\/revisions"}],"predecessor-version":[{"id":608,"href":"https:\/\/mirandaarcentales.com.br\/en\/wp-json\/wp\/v2\/pages\/594\/revisions\/608"}],"up":[{"embeddable":true,"href":"https:\/\/mirandaarcentales.com.br\/en\/wp-json\/wp\/v2\/pages\/601"}],"wp:featuredmedia":[{"embeddable":true,"href":"https:\/\/mirandaarcentales.com.br\/en\/wp-json\/"}],"wp:attachment":[{"href":"https:\/\/mirandaarcentales.com.br\/en\/wp-json\/wp\/v2\/media?parent=594"}],"curies":[{"name":"wp","href":"https:\/\/api.w.org\/{rel}","templated":true}]}}